{"id":245,"date":"2025-10-28T18:44:48","date_gmt":"2025-10-28T17:44:48","guid":{"rendered":"https:\/\/www.mrdvs-europe.com\/?page_id=245"},"modified":"2025-10-28T18:45:25","modified_gmt":"2025-10-28T17:45:25","slug":"privacy-policy","status":"publish","type":"page","link":"https:\/\/www.mrdvs-europe.com\/en\/privacy-policy\/","title":{"rendered":"Pol\u00edtica de privacidad"},"content":{"rendered":"<h3 class=\"wp-block-heading\">\u00bfQui\u00e9n es el responsable de sus datos?<\/h3>\n\n\n\n<p>El responsable de sus datos ser\u00e1:<\/p>\n\n\n\n<p><strong>ONEKELS, S.L.U.<\/strong><\/p>\n\n\n\n<ul class=\"wp-block-list\">\n<li>Direcci\u00f3n: CALLE DE LOS OLIVOS, 11, 44630, CASTELSER\u00c1S (TERUEL)<\/li>\n\n\n\n<li>CIF: B56347404<\/li>\n\n\n\n<li>Tel\u00e9fono: 976 00 42 77<\/li>\n<\/ul>\n\n\n\n<h3 class=\"wp-block-heading\">\u00bfPor qu\u00e9 podemos utilizar sus datos y para que podemos utilizarlos?<\/h3>\n\n\n\n<p>Los datos que voluntariamente nos ha proporcionado a trav\u00e9s del formulario correspondiente, podr\u00e1n ser utilizados con la finalidad de atender las consultas y solicitudes realizadas a trav\u00e9s de cualquiera de los formularios de nuestra web.<\/p>\n\n\n\n<p>Por otro lado, podremos enviarle informaci\u00f3n sobre nuestros productos y servicios siempre que haya marcado la casilla correspondiente.<\/p>\n\n\n\n<p>En el caso de que nos mande un curr\u00edculum a trav\u00e9s de la plataforma \u201cTrabaja con nosotros\u201d podr\u00e1 ir dirigido a cualquier empresa del grupo en el que su perfil pueda ser requerido y en la que haya abierto un proceso de selecci\u00f3n.<\/p>\n\n\n\n<p>Ponemos a disposici\u00f3n de todos nuestros empleados, proveedores y dem\u00e1s terceras partes interesadas, un Canal \u00c9tico o de denuncias a trav\u00e9s del correspondiente formulario con la finalidad de que comuniquen todas aquellas conductas que sean contrarias a nuestra normativa interna o a aquellas que puedan ser constitutivas de delito.<\/p>\n\n\n\n<p>El Canal recoger\u00e1 de forma an\u00f3nima para ONEKELS, S.L.U. los datos de contacto garantizando la confidencialidad de los datos del denunciante manteni\u00e9ndolos an\u00f3nimos salvo que su identificaci\u00f3n constituya una obligaci\u00f3n necesaria y proporcionada impuesta por el derecho de la UE o nacional en el contexto de una investigaci\u00f3n llevada a cabo por las autoridades nacionales o en el marco de un proceso judicial, en cuyo caso deber\u00e1 comunicarse a las autoridades competentes en el asunto.<\/p>\n\n\n\n<h3 class=\"wp-block-heading\">\u00bfQui\u00e9nes podr\u00e1n ser destinatarios de sus datos?<\/h3>\n\n\n\n<p>Sus datos no ser\u00e1n comunicados a ning\u00fan tercero ajeno a ONEKELS, S.L.U. En cualquier caso, en que sea necesario una cesi\u00f3n pediremos previamente su consentimiento.<\/p>\n\n\n\n<p>No se producir\u00e1n transferencia internacional de datos.<\/p>\n\n\n\n<h3 class=\"wp-block-heading\">\u00bfCu\u00e1nto tiempo podr\u00e1n ser conservados los datos?<\/h3>\n\n\n\n<p>Sus datos podr\u00e1n ser conservados mientras no haya solicitado su oposici\u00f3n o haya solicitado la supresi\u00f3n de sus datos. En todo caso, se observar\u00e1n los plazos previstos por la legislaci\u00f3n vigente, pudiendo permanecer una copia bloqueada mientras pudiera derivarse alguna responsabilidad del tratamiento de los datos o pudiera ser reclamado por una autoridad p\u00fablica.<\/p>\n\n\n\n<h3 class=\"wp-block-heading\">\u00bfC\u00f3mo puede revocar el consentimiento y cu\u00e1les son sus derechos?<\/h3>\n\n\n\n<p>Usted podr\u00e1:<\/p>\n\n\n\n<ol class=\"wp-block-list\">\n<li>Obtener m\u00e1s informaci\u00f3n sobre el tratamiento de sus datos.<\/li>\n\n\n\n<li>Retirar su consentimiento cuando lo hubiera prestado para un tratamiento determinado dirigiendo su petici\u00f3n a:\u00a0<a href=\"mailto:info@sleuthx.com\"><a href=\"mailto:info@mrdvs-europe.com\">info@mrdvs-europe.com<\/a><\/a>.<\/li>\n\n\n\n<li>Dejar de recibir nuestras comunicaciones de car\u00e1cter comercial.<\/li>\n\n\n\n<li>Ejercer sus derechos de:\n<ul class=\"wp-block-list\">\n<li>Acceso, o conocer qu\u00e9 datos personales tratamos de usted<\/li>\n\n\n\n<li>Rectificaci\u00f3n, o corregir datos personales incorrectos o inexactos<\/li>\n\n\n\n<li>Supresi\u00f3n, o a eliminar los datos personales que tenemos de usted que no estemos obligados legalmente a conservar<\/li>\n\n\n\n<li>Oposici\u00f3n, o a que dejemos de tratar sus datos personales con una finalidad concreta<\/li>\n\n\n\n<li>Limitaci\u00f3n, o a restringir el tratamiento que realizamos<\/li>\n\n\n\n<li>Portabilidad, o a que le proporcionemos los datos personales que obran en nuestro poder<\/li>\n<\/ul>\n<\/li>\n\n\n\n<li>Puede obtener m\u00e1s informaci\u00f3n y ejercer los derechos que le otorga la normativa de protecci\u00f3n de datos sobre los datos de car\u00e1cter personal presentando una copia de un documento identificativo en:\u00a0<a href=\"mailto:info@mrdvs-europe.com\">info@mrdvs-europe.com<\/a>\u00a0o bien en: Calle de los Olivos, 11, 44630, Castelser\u00e1s (Teruel).<\/li>\n<\/ol>\n\n\n\n<p>Puede encontrar m\u00e1s informaci\u00f3n sobre sus derechos o presentar una reclamaci\u00f3n ante la autoridad de control competente en la Agencia Espa\u00f1ola de Protecci\u00f3n de Datos&nbsp;<a href=\"http:\/\/www.agpd.es\/\">http:\/\/www.agpd.es<\/a>&nbsp;\u2013 C\/ Jorge Juan, 6. 28001 \u2013 Madrid (901 100 099 \u2013 912 663 517).<\/p>\n\n\n\n<h3 class=\"wp-block-heading\">\u00bfC\u00f3mo garantizamos la seguridad de tus datos?<\/h3>\n\n\n\n<p>Hemos adoptado las medidas t\u00e9cnicas y organizativas apropiadas para garantizar un nivel de seguridad adecuado que evite la destrucci\u00f3n, p\u00e9rdida o alteraci\u00f3n accidental o il\u00edcita de datos personales, o la comunicaci\u00f3n o acceso no autorizados a dichos datos.<\/p>\n\n\n\n<p>Tambi\u00e9n hemos habilitado procedimientos para responder en los plazos legales oportunos ante cualquier brecha de seguridad que pudiera producirse sobre tus datos personales.<\/p>\n\n\n\n<p>Al contratar a proveedores, garantizamos que implantan las medidas de seguridad adecuadas para la protecci\u00f3n de los datos personales.<\/p>\n\n\n\n<h3 class=\"wp-block-heading\">Cambios en la Pol\u00edtica de Privacidad<\/h3>\n\n\n\n<p><strong>ONEKELS, S.L.U.<\/strong>\u00a0se reserva el derecho de modificar esta Pol\u00edtica de Privacidad para adaptarse a la normativa aplicable y para mantenerla al d\u00eda con los nuevos acontecimientos y posibilidades que ofrece Internet. Por lo tanto, se reserva el derecho de implementar estos cambios seg\u00fan su capacidad discrecional y solicita al Usuario que verifique la presente Pol\u00edtica de Privacidad de forma peri\u00f3dica dado que el Usuario se encuentra obligado por aquellos cambios realizados siempre que visite nuestro Sitio<\/p>","protected":false},"excerpt":{"rendered":"<p>\u00bfQui\u00e9n es el responsable de sus datos? El responsable de sus datos ser\u00e1: ONEKELS, S.L.U. \u00bfPor qu\u00e9 podemos utilizar sus datos y para que podemos utilizarlos? Los datos que voluntariamente nos ha proporcionado a trav\u00e9s del formulario correspondiente, podr\u00e1n ser utilizados con la finalidad de atender las consultas y solicitudes realizadas a trav\u00e9s de cualquiera [&hellip;]<\/p>\n","protected":false},"author":1,"featured_media":0,"parent":0,"menu_order":0,"comment_status":"closed","ping_status":"closed","template":"","meta":{"footnotes":""},"class_list":["post-245","page","type-page","status-publish","hentry"],"_links":{"self":[{"href":"https:\/\/www.mrdvs-europe.com\/en\/wp-json\/wp\/v2\/pages\/245","targetHints":{"allow":["GET"]}}],"collection":[{"href":"https:\/\/www.mrdvs-europe.com\/en\/wp-json\/wp\/v2\/pages"}],"about":[{"href":"https:\/\/www.mrdvs-europe.com\/en\/wp-json\/wp\/v2\/types\/page"}],"author":[{"embeddable":true,"href":"https:\/\/www.mrdvs-europe.com\/en\/wp-json\/wp\/v2\/users\/1"}],"replies":[{"embeddable":true,"href":"https:\/\/www.mrdvs-europe.com\/en\/wp-json\/wp\/v2\/comments?post=245"}],"version-history":[{"count":2,"href":"https:\/\/www.mrdvs-europe.com\/en\/wp-json\/wp\/v2\/pages\/245\/revisions"}],"predecessor-version":[{"id":247,"href":"https:\/\/www.mrdvs-europe.com\/en\/wp-json\/wp\/v2\/pages\/245\/revisions\/247"}],"wp:attachment":[{"href":"https:\/\/www.mrdvs-europe.com\/en\/wp-json\/wp\/v2\/media?parent=245"}],"curies":[{"name":"wp","href":"https:\/\/api.w.org\/{rel}","templated":true}]}}